{"id":9,"date":"2025-12-02T00:47:33","date_gmt":"2025-12-02T06:47:33","guid":{"rendered":"https:\/\/vinicolasarmiento.directorio-comercial.com\/?page_id=9"},"modified":"2025-12-02T01:27:26","modified_gmt":"2025-12-02T07:27:26","slug":"vinos","status":"publish","type":"page","link":"https:\/\/vinicolasarmiento.directorio-comercial.com\/?page_id=9","title":{"rendered":"Vinos"},"content":{"rendered":"\n<div class=\"wp-block-group has-global-padding is-layout-constrained wp-block-group-is-layout-constrained\">\n<h2 class=\"wp-block-heading has-text-align-center\">Conoce nuestros vinos de calidad<\/h2>\n<\/div>\n\n\n\n<div class=\"wp-block-group has-global-padding is-layout-constrained wp-block-group-is-layout-constrained\">\n<div class=\"wp-block-group is-vertical is-layout-flex wp-container-core-group-is-layout-fe9cc265 wp-block-group-is-layout-flex\">\n<div><div class=\"gb-looper-72a7c604\">\n<div class=\"gb-loop-item gb-loop-item-17bc0a2a post-42 vino type-vino status-publish hentry\">\n<div class=\"wp-block-columns is-layout-flex wp-container-core-columns-is-layout-28f84493 wp-block-columns-is-layout-flex\">\n<div class=\"wp-block-column is-layout-flow wp-block-column-is-layout-flow\" style=\"flex-basis:40%\">\n<div class=\"wp-block-group is-content-justification-center is-nowrap is-layout-flex wp-container-core-group-is-layout-23441af8 wp-block-group-is-layout-flex\">\n<img loading=\"lazy\" decoding=\"async\" width=\"350\" height=\"875\" data-media-id=\"43\" class=\"gb-media-16b5dc66\" src=\"https:\/\/vinicolasarmiento.directorio-comercial.com\/wp-content\/uploads\/2025\/12\/Cabernet_Sauvignon.png\" alt=\"Cabernet Sauvignon\" srcset=\"https:\/\/vinicolasarmiento.directorio-comercial.com\/wp-content\/uploads\/2025\/12\/Cabernet_Sauvignon.png 350w, https:\/\/vinicolasarmiento.directorio-comercial.com\/wp-content\/uploads\/2025\/12\/Cabernet_Sauvignon-120x300.png 120w\" sizes=\"auto, (max-width: 350px) 100vw, 350px\" \/>\n<\/div>\n<\/div>\n\n\n\n<div class=\"wp-block-column is-vertically-aligned-center has-base-2-background-color has-background is-layout-flow wp-container-core-column-is-layout-8a368f38 wp-block-column-is-layout-flow\" style=\"flex-basis:60%\">\n<div class=\"wp-block-group has-global-padding is-layout-constrained wp-container-core-group-is-layout-19e250f3 wp-block-group-is-layout-constrained\">\n<h2 class=\"gb-text gb-text-da0f8bd8\">CABERNET SAUVIGNON<\/h2>\n\n\n\n<p class=\"gb-text gb-text-a0cd2c56\">Origen : 100% Cabernet Sauvignon en \u00f3ptima maduraci\u00f3n.<\/p>\n\n\n\n<p class=\"gb-text gb-text-d8874e08\">Crianza :  4 meses en barrica de roble americano.<\/p>\n\n\n\n<p class=\"gb-text gb-text-853c10cf\">Notas : Color rub\u00ed profundo, aromas de frutos rojos maduros (cereza, grosella) con toques especiados (pimienta negra, an\u00eds). En boca es armonioso  y sofisticado<\/p>\n<\/div>\n<\/div>\n<\/div>\n<\/div>\n\n<div class=\"gb-loop-item gb-loop-item-17bc0a2a post-44 vino type-vino status-publish hentry\">\n<div class=\"wp-block-columns is-layout-flex wp-container-core-columns-is-layout-28f84493 wp-block-columns-is-layout-flex\">\n<div class=\"wp-block-column is-layout-flow wp-block-column-is-layout-flow\" style=\"flex-basis:40%\">\n<div class=\"wp-block-group is-content-justification-center is-nowrap is-layout-flex wp-container-core-group-is-layout-23441af8 wp-block-group-is-layout-flex\">\n<img loading=\"lazy\" decoding=\"async\" width=\"350\" height=\"875\" data-media-id=\"45\" class=\"gb-media-16b5dc66\" src=\"https:\/\/vinicolasarmiento.directorio-comercial.com\/wp-content\/uploads\/2025\/12\/Thomas_Chardonnay.png\" alt=\"Thomaas Chardonnay\" srcset=\"https:\/\/vinicolasarmiento.directorio-comercial.com\/wp-content\/uploads\/2025\/12\/Thomas_Chardonnay.png 350w, https:\/\/vinicolasarmiento.directorio-comercial.com\/wp-content\/uploads\/2025\/12\/Thomas_Chardonnay-120x300.png 120w\" sizes=\"auto, (max-width: 350px) 100vw, 350px\" \/>\n<\/div>\n<\/div>\n\n\n\n<div class=\"wp-block-column is-vertically-aligned-center has-base-2-background-color has-background is-layout-flow wp-container-core-column-is-layout-8a368f38 wp-block-column-is-layout-flow\" style=\"flex-basis:60%\">\n<div class=\"wp-block-group has-global-padding is-layout-constrained wp-container-core-group-is-layout-19e250f3 wp-block-group-is-layout-constrained\">\n<h2 class=\"gb-text gb-text-da0f8bd8\">Thomaas Chardonnay<\/h2>\n\n\n\n<p class=\"gb-text gb-text-a0cd2c56\">Origen: 100% Chardonnay en suelo arenoso-calc\u00e1reo.<\/p>\n\n\n\n<p class=\"gb-text gb-text-d8874e08\">Crianza: 6 meses en l\u00edas con un ligero toque de roble franc\u00e9s.<\/p>\n\n\n\n<p class=\"gb-text gb-text-853c10cf\">Notas: Color dorado p\u00e1lido con aromas tropicales (pi\u00f1a y pl\u00e1tano). en boca es untuosos, balanceado u elegante.<\/p>\n<\/div>\n<\/div>\n<\/div>\n<\/div>\n\n<div class=\"gb-loop-item gb-loop-item-17bc0a2a post-46 vino type-vino status-publish hentry\">\n<div class=\"wp-block-columns is-layout-flex wp-container-core-columns-is-layout-28f84493 wp-block-columns-is-layout-flex\">\n<div class=\"wp-block-column is-layout-flow wp-block-column-is-layout-flow\" style=\"flex-basis:40%\">\n<div class=\"wp-block-group is-content-justification-center is-nowrap is-layout-flex wp-container-core-group-is-layout-23441af8 wp-block-group-is-layout-flex\">\n<img loading=\"lazy\" decoding=\"async\" width=\"350\" height=\"875\" data-media-id=\"47\" class=\"gb-media-16b5dc66\" src=\"https:\/\/vinicolasarmiento.directorio-comercial.com\/wp-content\/uploads\/2025\/12\/Clarete.png\" alt=\"Clarete\" srcset=\"https:\/\/vinicolasarmiento.directorio-comercial.com\/wp-content\/uploads\/2025\/12\/Clarete.png 350w, https:\/\/vinicolasarmiento.directorio-comercial.com\/wp-content\/uploads\/2025\/12\/Clarete-120x300.png 120w\" sizes=\"auto, (max-width: 350px) 100vw, 350px\" \/>\n<\/div>\n<\/div>\n\n\n\n<div class=\"wp-block-column is-vertically-aligned-center has-base-2-background-color has-background is-layout-flow wp-container-core-column-is-layout-8a368f38 wp-block-column-is-layout-flow\" style=\"flex-basis:60%\">\n<div class=\"wp-block-group has-global-padding is-layout-constrained wp-container-core-group-is-layout-19e250f3 wp-block-group-is-layout-constrained\">\n<h2 class=\"gb-text gb-text-da0f8bd8\">Clarete<\/h2>\n\n\n\n<p class=\"gb-text gb-text-a0cd2c56\">Origen: 85% Syrah, 15% uva blanca fermentadas juntas en Aguascalientes (1,900 metros de altura)<\/p>\n\n\n\n\n\n<p class=\"gb-text gb-text-853c10cf\">Notas: Fresco y refrescante, con aromas y sabores a frutos rojos. Perfecto para ocasiones especiales.<\/p>\n<\/div>\n<\/div>\n<\/div>\n<\/div>\n<\/div><\/div>\n<\/div>\n<\/div>\n","protected":false},"excerpt":{"rendered":"<p>Conoce nuestros vinos de calidad<\/p>\n","protected":false},"author":1,"featured_media":0,"parent":0,"menu_order":0,"comment_status":"closed","ping_status":"closed","template":"page-no-title","meta":{"_acf_changed":false,"footnotes":""},"class_list":["post-9","page","type-page","status-publish","hentry"],"acf":[],"_links":{"self":[{"href":"https:\/\/vinicolasarmiento.directorio-comercial.com\/index.php?rest_route=\/wp\/v2\/pages\/9","targetHints":{"allow":["GET"]}}],"collection":[{"href":"https:\/\/vinicolasarmiento.directorio-comercial.com\/index.php?rest_route=\/wp\/v2\/pages"}],"about":[{"href":"https:\/\/vinicolasarmiento.directorio-comercial.com\/index.php?rest_route=\/wp\/v2\/types\/page"}],"author":[{"embeddable":true,"href":"https:\/\/vinicolasarmiento.directorio-comercial.com\/index.php?rest_route=\/wp\/v2\/users\/1"}],"replies":[{"embeddable":true,"href":"https:\/\/vinicolasarmiento.directorio-comercial.com\/index.php?rest_route=%2Fwp%2Fv2%2Fcomments&post=9"}],"version-history":[{"count":5,"href":"https:\/\/vinicolasarmiento.directorio-comercial.com\/index.php?rest_route=\/wp\/v2\/pages\/9\/revisions"}],"predecessor-version":[{"id":61,"href":"https:\/\/vinicolasarmiento.directorio-comercial.com\/index.php?rest_route=\/wp\/v2\/pages\/9\/revisions\/61"}],"wp:attachment":[{"href":"https:\/\/vinicolasarmiento.directorio-comercial.com\/index.php?rest_route=%2Fwp%2Fv2%2Fmedia&parent=9"}],"curies":[{"name":"wp","href":"https:\/\/api.w.org\/{rel}","templated":true}]}}