{"id":7,"date":"2025-12-02T00:47:12","date_gmt":"2025-12-02T06:47:12","guid":{"rendered":"https:\/\/vinicolasarmiento.directorio-comercial.com\/?page_id=7"},"modified":"2025-12-02T17:12:55","modified_gmt":"2025-12-02T23:12:55","slug":"inicio","status":"publish","type":"page","link":"https:\/\/vinicolasarmiento.directorio-comercial.com\/","title":{"rendered":"Inicio"},"content":{"rendered":"\n<div class=\"wp-block-group has-global-padding is-layout-constrained wp-block-group-is-layout-constrained\">\n<div class=\"wp-block-group is-vertical is-content-justification-center is-layout-flex wp-container-core-group-is-layout-ce155fab wp-block-group-is-layout-flex\">\n<img loading=\"lazy\" decoding=\"async\" width=\"591\" height=\"362\" data-media-id=\"33\" class=\"gb-media-59978fc9\" alt=\"\" src=\"https:\/\/vinicolasarmiento.directorio-comercial.com\/wp-content\/uploads\/2025\/12\/foto-de-portada.png\" srcset=\"https:\/\/vinicolasarmiento.directorio-comercial.com\/wp-content\/uploads\/2025\/12\/foto-de-portada.png 591w, https:\/\/vinicolasarmiento.directorio-comercial.com\/wp-content\/uploads\/2025\/12\/foto-de-portada-300x184.png 300w\" sizes=\"auto, (max-width: 591px) 100vw, 591px\" \/>\n<\/div>\n<\/div>\n\n\n\n<div class=\"wp-block-group has-global-padding is-layout-constrained wp-block-group-is-layout-constrained\" style=\"margin-top:var(--wp--preset--spacing--10);margin-bottom:var(--wp--preset--spacing--10)\">\n<div class=\"wp-block-group is-vertical is-content-justification-center is-layout-flex wp-container-core-group-is-layout-ce155fab wp-block-group-is-layout-flex\">\n<figure class=\"wp-block-image size-full\"><img loading=\"lazy\" decoding=\"async\" width=\"600\" height=\"229\" src=\"https:\/\/vinicolasarmiento.directorio-comercial.com\/wp-content\/uploads\/2025\/12\/Titulo.png\" alt=\"\" class=\"wp-image-34\" srcset=\"https:\/\/vinicolasarmiento.directorio-comercial.com\/wp-content\/uploads\/2025\/12\/Titulo.png 600w, https:\/\/vinicolasarmiento.directorio-comercial.com\/wp-content\/uploads\/2025\/12\/Titulo-300x115.png 300w\" sizes=\"auto, (max-width: 600px) 100vw, 600px\" \/><\/figure>\n<\/div>\n<\/div>\n\n\n\n<div class=\"wp-block-group has-global-padding is-layout-constrained wp-block-group-is-layout-constrained\" style=\"margin-top:var(--wp--preset--spacing--20);margin-bottom:var(--wp--preset--spacing--20)\">\n<div class=\"wp-block-group is-vertical is-layout-flex wp-container-core-group-is-layout-fe9cc265 wp-block-group-is-layout-flex\">\n<p class=\"gb-text gb-text-8ddc8392\">En el coraz\u00f3n de Aguascalientes, Vin\u00edcola Sarmiento nace como un sue\u00f1o que tom\u00f3 ra\u00edz hace cinco a\u00f1os, cuando comenzamos a plantar nuestras uvas. Hoy, ese esfuerzo da frutos en nuestra primera cosecha, convirti\u00e9ndose en vinos tintos, blancos y rosados de calidad excepcional.<\/p>\n<\/div>\n<\/div>\n\n\n\n<div class=\"wp-block-group has-global-padding is-layout-constrained wp-block-group-is-layout-constrained\" style=\"margin-top:var(--wp--preset--spacing--20);margin-bottom:var(--wp--preset--spacing--20)\">\n<div class=\"wp-block-group is-vertical is-layout-flex wp-container-core-group-is-layout-fe9cc265 wp-block-group-is-layout-flex\">\n<p class=\"gb-text gb-text-b14b1eb1\">El sarmiento, donde la vid se fortalece y crece, simboliza nuestro compromiso con la tradici\u00f3n y la innovaci\u00f3n en la viticultura. Cada botella de Vin\u00edcola Sarmiento es el reflejo de un suelo f\u00e9rtil, un clima ideal y la pasi\u00f3n de quienes creemos en el arte del vino.<\/p>\n<\/div>\n<\/div>\n\n\n\n<div class=\"wp-block-group has-global-padding is-layout-constrained wp-block-group-is-layout-constrained\" style=\"margin-top:var(--wp--preset--spacing--20);margin-bottom:var(--wp--preset--spacing--20)\">\n<div class=\"wp-block-group is-vertical is-layout-flex wp-container-core-group-is-layout-fe9cc265 wp-block-group-is-layout-flex\">\n<p class=\"gb-text gb-text-a3ce56ad\">Descubre y degusta la esencia de Aguascalientes en cada copa, donde la historia y el vino se entrelazan para brindar momentos inolvidables.<\/p>\n<\/div>\n<\/div>\n\n\n\n<div class=\"wp-block-group has-global-padding is-layout-constrained wp-block-group-is-layout-constrained\" style=\"margin-top:var(--wp--preset--spacing--20);margin-bottom:var(--wp--preset--spacing--20)\">\n<div class=\"wp-block-group is-vertical is-layout-flex wp-container-core-group-is-layout-fe9cc265 wp-block-group-is-layout-flex\"><\/div>\n<\/div>\n\n\n\n<div class=\"wp-block-group has-global-padding is-layout-constrained wp-block-group-is-layout-constrained\" style=\"margin-top:var(--wp--preset--spacing--20);margin-bottom:var(--wp--preset--spacing--20)\">\n<div class=\"wp-block-group is-vertical is-content-justification-center is-layout-flex wp-container-core-group-is-layout-ce155fab wp-block-group-is-layout-flex\"><h1 style=\"color:#600000;\" class=\"has-text-align-center has-link-color wp-elements-ddf52841a5a6a309abe06329f0c09b2d wp-block-site-title has-text-color\"><a href=\"https:\/\/vinicolasarmiento.directorio-comercial.com\" target=\"_self\" rel=\"home\">Vin\u00edcola  Sarmiento<\/a><\/h1><\/div>\n<\/div>\n","protected":false},"excerpt":{"rendered":"<p>En el coraz\u00f3n de Aguascalientes, Vin\u00edcola Sarmiento nace como un sue\u00f1o que tom\u00f3 ra\u00edz hace cinco a\u00f1os, cuando comenzamos a plantar nuestras uvas. Hoy, ese esfuerzo da frutos en nuestra primera cosecha, convirti\u00e9ndose en vinos tintos, blancos y rosados de calidad excepcional. El sarmiento, donde la vid se fortalece y crece, simboliza nuestro compromiso con [&hellip;]<\/p>\n","protected":false},"author":1,"featured_media":0,"parent":0,"menu_order":0,"comment_status":"closed","ping_status":"closed","template":"page-no-title","meta":{"_acf_changed":false,"footnotes":""},"class_list":["post-7","page","type-page","status-publish","hentry"],"acf":[],"_links":{"self":[{"href":"https:\/\/vinicolasarmiento.directorio-comercial.com\/index.php?rest_route=\/wp\/v2\/pages\/7","targetHints":{"allow":["GET"]}}],"collection":[{"href":"https:\/\/vinicolasarmiento.directorio-comercial.com\/index.php?rest_route=\/wp\/v2\/pages"}],"about":[{"href":"https:\/\/vinicolasarmiento.directorio-comercial.com\/index.php?rest_route=\/wp\/v2\/types\/page"}],"author":[{"embeddable":true,"href":"https:\/\/vinicolasarmiento.directorio-comercial.com\/index.php?rest_route=\/wp\/v2\/users\/1"}],"replies":[{"embeddable":true,"href":"https:\/\/vinicolasarmiento.directorio-comercial.com\/index.php?rest_route=%2Fwp%2Fv2%2Fcomments&post=7"}],"version-history":[{"count":3,"href":"https:\/\/vinicolasarmiento.directorio-comercial.com\/index.php?rest_route=\/wp\/v2\/pages\/7\/revisions"}],"predecessor-version":[{"id":298,"href":"https:\/\/vinicolasarmiento.directorio-comercial.com\/index.php?rest_route=\/wp\/v2\/pages\/7\/revisions\/298"}],"wp:attachment":[{"href":"https:\/\/vinicolasarmiento.directorio-comercial.com\/index.php?rest_route=%2Fwp%2Fv2%2Fmedia&parent=7"}],"curies":[{"name":"wp","href":"https:\/\/api.w.org\/{rel}","templated":true}]}}