{"id":11,"date":"2025-12-02T00:47:48","date_gmt":"2025-12-02T06:47:48","guid":{"rendered":"https:\/\/vinicolasarmiento.directorio-comercial.com\/?page_id=11"},"modified":"2025-12-02T01:51:46","modified_gmt":"2025-12-02T07:51:46","slug":"experiencias","status":"publish","type":"page","link":"https:\/\/vinicolasarmiento.directorio-comercial.com\/?page_id=11","title":{"rendered":"Experiencias"},"content":{"rendered":"\n<div class=\"wp-block-group alignfull is-layout-flow wp-block-group-is-layout-flow\">\n<div><div class=\"gb-looper-7bc9fd10\">\n<div class=\"gb-loop-item gb-loop-item-d3f3aeae post-67 experiencia type-experiencia status-publish hentry\">\n<div class=\"wp-block-group is-vertical is-content-justification-center is-layout-flex wp-container-core-group-is-layout-3e955717 wp-block-group-is-layout-flex\">\n<div class=\"wp-block-group has-global-padding is-layout-constrained wp-block-group-is-layout-constrained\">\n<img loading=\"lazy\" decoding=\"async\" width=\"275\" height=\"413\" data-media-id=\"68\" class=\"gb-media-b75727c3\" src=\"https:\/\/vinicolasarmiento.directorio-comercial.com\/wp-content\/uploads\/2025\/12\/RecorridoGuiado-2.png\" alt=\"Recorrido\" srcset=\"https:\/\/vinicolasarmiento.directorio-comercial.com\/wp-content\/uploads\/2025\/12\/RecorridoGuiado-2.png 275w, https:\/\/vinicolasarmiento.directorio-comercial.com\/wp-content\/uploads\/2025\/12\/RecorridoGuiado-2-200x300.png 200w\" sizes=\"auto, (max-width: 275px) 100vw, 275px\" \/>\n<\/div>\n\n\n\n<div class=\"wp-block-group has-background has-global-padding is-layout-constrained wp-block-group-is-layout-constrained\" style=\"background-color:#600000\">\n<h2 class=\"gb-text gb-text-820c64b3\">Recorrido<\/h2>\n\n\n\n<details class=\"wp-block-details has-base-2-color has-text-color has-background has-link-color wp-elements-c5774fdf4e46122ffff82a6c2634f3ff is-layout-flow wp-block-details-is-layout-flow\" style=\"background-color:#600000;margin-top:0;margin-bottom:0;padding-top:0;padding-right:var(--wp--preset--spacing--20);padding-bottom:0;padding-left:var(--wp--preset--spacing--20)\"><summary>Ver m\u00e1s<\/summary>\n<p class=\"gb-text gb-text-096cb349\">$250 Recorrido Guiado por vi\u00f1edo e instalaciones. <\/br> Incluye copa degustaci\u00f3n<\/p>\n<\/details>\n<\/div>\n<\/div>\n<\/div>\n\n<div class=\"gb-loop-item gb-loop-item-d3f3aeae post-69 experiencia type-experiencia status-publish hentry\">\n<div class=\"wp-block-group is-vertical is-content-justification-center is-layout-flex wp-container-core-group-is-layout-3e955717 wp-block-group-is-layout-flex\">\n<div class=\"wp-block-group has-global-padding is-layout-constrained wp-block-group-is-layout-constrained\">\n<img loading=\"lazy\" decoding=\"async\" width=\"1024\" height=\"1536\" data-media-id=\"70\" class=\"gb-media-b75727c3\" src=\"https:\/\/vinicolasarmiento.directorio-comercial.com\/wp-content\/uploads\/2025\/12\/ChatGPT-Image-8-nov-2025-05_51_24-p.m-1.png\" alt=\"Picnic Rom\u00e1ntico\" srcset=\"https:\/\/vinicolasarmiento.directorio-comercial.com\/wp-content\/uploads\/2025\/12\/ChatGPT-Image-8-nov-2025-05_51_24-p.m-1.png 1024w, https:\/\/vinicolasarmiento.directorio-comercial.com\/wp-content\/uploads\/2025\/12\/ChatGPT-Image-8-nov-2025-05_51_24-p.m-1-200x300.png 200w, https:\/\/vinicolasarmiento.directorio-comercial.com\/wp-content\/uploads\/2025\/12\/ChatGPT-Image-8-nov-2025-05_51_24-p.m-1-683x1024.png 683w, https:\/\/vinicolasarmiento.directorio-comercial.com\/wp-content\/uploads\/2025\/12\/ChatGPT-Image-8-nov-2025-05_51_24-p.m-1-768x1152.png 768w\" sizes=\"auto, (max-width: 1024px) 100vw, 1024px\" \/>\n<\/div>\n\n\n\n<div class=\"wp-block-group has-background has-global-padding is-layout-constrained wp-block-group-is-layout-constrained\" style=\"background-color:#600000\">\n<h2 class=\"gb-text gb-text-820c64b3\">Picnic Rom\u00e1ntico<\/h2>\n\n\n\n<details class=\"wp-block-details has-base-2-color has-text-color has-background has-link-color wp-elements-c5774fdf4e46122ffff82a6c2634f3ff is-layout-flow wp-block-details-is-layout-flow\" style=\"background-color:#600000;margin-top:0;margin-bottom:0;padding-top:0;padding-right:var(--wp--preset--spacing--20);padding-bottom:0;padding-left:var(--wp--preset--spacing--20)\"><summary>Ver m\u00e1s<\/summary>\n<p class=\"gb-text gb-text-096cb349\">$1,300 por pareja <\/br> Picnic rom\u00e1ntico para dos. incluye tabla de quesos y carnes fr\u00edas \u00f3 pizza para dos, una botella de vino, dos aguas y dos frutas<\/p>\n<\/details>\n<\/div>\n<\/div>\n<\/div>\n\n<div class=\"gb-loop-item gb-loop-item-d3f3aeae post-71 experiencia type-experiencia status-publish hentry\">\n<div class=\"wp-block-group is-vertical is-content-justification-center is-layout-flex wp-container-core-group-is-layout-3e955717 wp-block-group-is-layout-flex\">\n<div class=\"wp-block-group has-global-padding is-layout-constrained wp-block-group-is-layout-constrained\">\n<img loading=\"lazy\" decoding=\"async\" width=\"1024\" height=\"1536\" data-media-id=\"72\" class=\"gb-media-b75727c3\" src=\"https:\/\/vinicolasarmiento.directorio-comercial.com\/wp-content\/uploads\/2025\/12\/ChatGPT-Image-9-nov-2025-03_46_15-a.m-1.png\" alt=\"RECORRIDO + CATA DE QUESOS\" srcset=\"https:\/\/vinicolasarmiento.directorio-comercial.com\/wp-content\/uploads\/2025\/12\/ChatGPT-Image-9-nov-2025-03_46_15-a.m-1.png 1024w, https:\/\/vinicolasarmiento.directorio-comercial.com\/wp-content\/uploads\/2025\/12\/ChatGPT-Image-9-nov-2025-03_46_15-a.m-1-200x300.png 200w, https:\/\/vinicolasarmiento.directorio-comercial.com\/wp-content\/uploads\/2025\/12\/ChatGPT-Image-9-nov-2025-03_46_15-a.m-1-683x1024.png 683w, https:\/\/vinicolasarmiento.directorio-comercial.com\/wp-content\/uploads\/2025\/12\/ChatGPT-Image-9-nov-2025-03_46_15-a.m-1-768x1152.png 768w\" sizes=\"auto, (max-width: 1024px) 100vw, 1024px\" \/>\n<\/div>\n\n\n\n<div class=\"wp-block-group has-background has-global-padding is-layout-constrained wp-block-group-is-layout-constrained\" style=\"background-color:#600000\">\n<h2 class=\"gb-text gb-text-820c64b3\">RECORRIDO + CATA DE QUESOS<\/h2>\n\n\n\n<details class=\"wp-block-details has-base-2-color has-text-color has-background has-link-color wp-elements-c5774fdf4e46122ffff82a6c2634f3ff is-layout-flow wp-block-details-is-layout-flow\" style=\"background-color:#600000;margin-top:0;margin-bottom:0;padding-top:0;padding-right:var(--wp--preset--spacing--20);padding-bottom:0;padding-left:var(--wp--preset--spacing--20)\"><summary>Ver m\u00e1s<\/summary>\n<p class=\"gb-text gb-text-096cb349\">$700 por persona <\/br>  Recorrido guiado por vi\u00f1edo e instalaciones haciendo cata con maridaje de nuestros vinos. Incluye 4 copas de vino y 5 diferentes tipos de quesos<\/p>\n<\/details>\n<\/div>\n<\/div>\n<\/div>\n\n<div class=\"gb-loop-item gb-loop-item-d3f3aeae post-73 experiencia type-experiencia status-publish hentry\">\n<div class=\"wp-block-group is-vertical is-content-justification-center is-layout-flex wp-container-core-group-is-layout-3e955717 wp-block-group-is-layout-flex\">\n<div class=\"wp-block-group has-global-padding is-layout-constrained wp-block-group-is-layout-constrained\">\n<img loading=\"lazy\" decoding=\"async\" width=\"1024\" height=\"1536\" data-media-id=\"74\" class=\"gb-media-b75727c3\" src=\"https:\/\/vinicolasarmiento.directorio-comercial.com\/wp-content\/uploads\/2025\/12\/ChatGPT-Image-9-nov-2025-03_49_50-a.m-1.png\" alt=\"RECORRIDO + CATA CHOCOLATES\" srcset=\"https:\/\/vinicolasarmiento.directorio-comercial.com\/wp-content\/uploads\/2025\/12\/ChatGPT-Image-9-nov-2025-03_49_50-a.m-1.png 1024w, https:\/\/vinicolasarmiento.directorio-comercial.com\/wp-content\/uploads\/2025\/12\/ChatGPT-Image-9-nov-2025-03_49_50-a.m-1-200x300.png 200w, https:\/\/vinicolasarmiento.directorio-comercial.com\/wp-content\/uploads\/2025\/12\/ChatGPT-Image-9-nov-2025-03_49_50-a.m-1-683x1024.png 683w, https:\/\/vinicolasarmiento.directorio-comercial.com\/wp-content\/uploads\/2025\/12\/ChatGPT-Image-9-nov-2025-03_49_50-a.m-1-768x1152.png 768w\" sizes=\"auto, (max-width: 1024px) 100vw, 1024px\" \/>\n<\/div>\n\n\n\n<div class=\"wp-block-group has-background has-global-padding is-layout-constrained wp-block-group-is-layout-constrained\" style=\"background-color:#600000\">\n<h2 class=\"gb-text gb-text-820c64b3\">RECORRIDO + CATA CHOCOLATES<\/h2>\n\n\n\n<details class=\"wp-block-details has-base-2-color has-text-color has-background has-link-color wp-elements-c5774fdf4e46122ffff82a6c2634f3ff is-layout-flow wp-block-details-is-layout-flow\" style=\"background-color:#600000;margin-top:0;margin-bottom:0;padding-top:0;padding-right:var(--wp--preset--spacing--20);padding-bottom:0;padding-left:var(--wp--preset--spacing--20)\"><summary>Ver m\u00e1s<\/summary>\n<p class=\"gb-text gb-text-096cb349\">$650 <\/br> Recorrido guiado por vi\u00f1edo e instalaciones haciendo cata con maridaje de nuestros vinos. Incluye 4 copas de vino y 4 diferentes tipos de chocolate<\/p>\n<\/details>\n<\/div>\n<\/div>\n<\/div>\n\n<div class=\"gb-loop-item gb-loop-item-d3f3aeae post-75 experiencia type-experiencia status-publish hentry\">\n<div class=\"wp-block-group is-vertical is-content-justification-center is-layout-flex wp-container-core-group-is-layout-3e955717 wp-block-group-is-layout-flex\">\n<div class=\"wp-block-group has-global-padding is-layout-constrained wp-block-group-is-layout-constrained\">\n<img loading=\"lazy\" decoding=\"async\" width=\"374\" height=\"561\" data-media-id=\"76\" class=\"gb-media-b75727c3\" src=\"https:\/\/vinicolasarmiento.directorio-comercial.com\/wp-content\/uploads\/2025\/12\/ExperienciaEventos-2.png\" alt=\"EVENTOS\" srcset=\"https:\/\/vinicolasarmiento.directorio-comercial.com\/wp-content\/uploads\/2025\/12\/ExperienciaEventos-2.png 374w, https:\/\/vinicolasarmiento.directorio-comercial.com\/wp-content\/uploads\/2025\/12\/ExperienciaEventos-2-200x300.png 200w\" sizes=\"auto, (max-width: 374px) 100vw, 374px\" \/>\n<\/div>\n\n\n\n<div class=\"wp-block-group has-background has-global-padding is-layout-constrained wp-block-group-is-layout-constrained\" style=\"background-color:#600000\">\n<h2 class=\"gb-text gb-text-820c64b3\">EVENTOS<\/h2>\n\n\n\n<details class=\"wp-block-details has-base-2-color has-text-color has-background has-link-color wp-elements-c5774fdf4e46122ffff82a6c2634f3ff is-layout-flow wp-block-details-is-layout-flow\" style=\"background-color:#600000;margin-top:0;margin-bottom:0;padding-top:0;padding-right:var(--wp--preset--spacing--20);padding-bottom:0;padding-left:var(--wp--preset--spacing--20)\"><summary>Ver m\u00e1s<\/summary>\n<p class=\"gb-text gb-text-096cb349\">En vin\u00edcola Sarmiento contamos con espacios ideales para celebrar todo tipo de eventos especiales rodeados de naturaleza y de vi\u00f1edos<\/p>\n<\/details>\n<\/div>\n<\/div>\n<\/div>\n\n<div class=\"gb-loop-item gb-loop-item-d3f3aeae post-77 experiencia type-experiencia status-publish hentry\">\n<div class=\"wp-block-group is-vertical is-content-justification-center is-layout-flex wp-container-core-group-is-layout-3e955717 wp-block-group-is-layout-flex\">\n<div class=\"wp-block-group has-global-padding is-layout-constrained wp-block-group-is-layout-constrained\">\n<img loading=\"lazy\" decoding=\"async\" width=\"275\" height=\"413\" data-media-id=\"78\" class=\"gb-media-b75727c3\" src=\"https:\/\/vinicolasarmiento.directorio-comercial.com\/wp-content\/uploads\/2025\/12\/vinicola_sarmiento_vinedo_275x413-1.png\" alt=\"PAQUETES EMPRESARIALES\" srcset=\"https:\/\/vinicolasarmiento.directorio-comercial.com\/wp-content\/uploads\/2025\/12\/vinicola_sarmiento_vinedo_275x413-1.png 275w, https:\/\/vinicolasarmiento.directorio-comercial.com\/wp-content\/uploads\/2025\/12\/vinicola_sarmiento_vinedo_275x413-1-200x300.png 200w\" sizes=\"auto, (max-width: 275px) 100vw, 275px\" \/>\n<\/div>\n\n\n\n<div class=\"wp-block-group has-background has-global-padding is-layout-constrained wp-block-group-is-layout-constrained\" style=\"background-color:#600000\">\n<h2 class=\"gb-text gb-text-820c64b3\">PAQUETES EMPRESARIALES<\/h2>\n\n\n\n<details class=\"wp-block-details has-base-2-color has-text-color has-background has-link-color wp-elements-c5774fdf4e46122ffff82a6c2634f3ff is-layout-flow wp-block-details-is-layout-flow\" style=\"background-color:#600000;margin-top:0;margin-bottom:0;padding-top:0;padding-right:var(--wp--preset--spacing--20);padding-bottom:0;padding-left:var(--wp--preset--spacing--20)\"><summary>Ver m\u00e1s<\/summary>\n<p class=\"gb-text gb-text-096cb349\">En vin\u00edcola Sarmiento hacemos de cada evento empresarial una experiencia inolvidable. Contamos con espacios versatiles -sala de reuniones, terraza, restaurante mezquital, wine bar y jard\u00edn Sarmiento- dise\u00f1ados para encuentros productivos, celebraciones \u00fanicas y brindar por los buenos momentos<\/p>\n<\/details>\n<\/div>\n<\/div>\n<\/div>\n\n<div class=\"gb-loop-item gb-loop-item-d3f3aeae post-79 experiencia type-experiencia status-publish hentry\">\n<div class=\"wp-block-group is-vertical is-content-justification-center is-layout-flex wp-container-core-group-is-layout-3e955717 wp-block-group-is-layout-flex\">\n<div class=\"wp-block-group has-global-padding is-layout-constrained wp-block-group-is-layout-constrained\">\n<img loading=\"lazy\" decoding=\"async\" width=\"275\" height=\"413\" data-media-id=\"80\" class=\"gb-media-b75727c3\" src=\"https:\/\/vinicolasarmiento.directorio-comercial.com\/wp-content\/uploads\/2025\/12\/vinicola_restaurante_sin_rectangulo-1.png\" alt=\"RESTAURANTE\" srcset=\"https:\/\/vinicolasarmiento.directorio-comercial.com\/wp-content\/uploads\/2025\/12\/vinicola_restaurante_sin_rectangulo-1.png 275w, https:\/\/vinicolasarmiento.directorio-comercial.com\/wp-content\/uploads\/2025\/12\/vinicola_restaurante_sin_rectangulo-1-200x300.png 200w\" sizes=\"auto, (max-width: 275px) 100vw, 275px\" \/>\n<\/div>\n\n\n\n<div class=\"wp-block-group has-background has-global-padding is-layout-constrained wp-block-group-is-layout-constrained\" style=\"background-color:#600000\">\n<h2 class=\"gb-text gb-text-820c64b3\">RESTAURANTE<\/h2>\n\n\n\n<details class=\"wp-block-details has-base-2-color has-text-color has-background has-link-color wp-elements-c5774fdf4e46122ffff82a6c2634f3ff is-layout-flow wp-block-details-is-layout-flow\" style=\"background-color:#600000;margin-top:0;margin-bottom:0;padding-top:0;padding-right:var(--wp--preset--spacing--20);padding-bottom:0;padding-left:var(--wp--preset--spacing--20)\"><summary>Ver m\u00e1s<\/summary><\/details>\n<\/div>\n<\/div>\n<\/div>\n<\/div><\/div>\n<\/div>\n","protected":false},"excerpt":{"rendered":"","protected":false},"author":1,"featured_media":0,"parent":0,"menu_order":0,"comment_status":"closed","ping_status":"closed","template":"page-no-title","meta":{"_acf_changed":false,"footnotes":""},"class_list":["post-11","page","type-page","status-publish","hentry"],"acf":[],"_links":{"self":[{"href":"https:\/\/vinicolasarmiento.directorio-comercial.com\/index.php?rest_route=\/wp\/v2\/pages\/11","targetHints":{"allow":["GET"]}}],"collection":[{"href":"https:\/\/vinicolasarmiento.directorio-comercial.com\/index.php?rest_route=\/wp\/v2\/pages"}],"about":[{"href":"https:\/\/vinicolasarmiento.directorio-comercial.com\/index.php?rest_route=\/wp\/v2\/types\/page"}],"author":[{"embeddable":true,"href":"https:\/\/vinicolasarmiento.directorio-comercial.com\/index.php?rest_route=\/wp\/v2\/users\/1"}],"replies":[{"embeddable":true,"href":"https:\/\/vinicolasarmiento.directorio-comercial.com\/index.php?rest_route=%2Fwp%2Fv2%2Fcomments&post=11"}],"version-history":[{"count":5,"href":"https:\/\/vinicolasarmiento.directorio-comercial.com\/index.php?rest_route=\/wp\/v2\/pages\/11\/revisions"}],"predecessor-version":[{"id":90,"href":"https:\/\/vinicolasarmiento.directorio-comercial.com\/index.php?rest_route=\/wp\/v2\/pages\/11\/revisions\/90"}],"wp:attachment":[{"href":"https:\/\/vinicolasarmiento.directorio-comercial.com\/index.php?rest_route=%2Fwp%2Fv2%2Fmedia&parent=11"}],"curies":[{"name":"wp","href":"https:\/\/api.w.org\/{rel}","templated":true}]}}